{"id":2423,"date":"2023-01-27T12:56:55","date_gmt":"2023-01-27T12:56:55","guid":{"rendered":"https:\/\/www.rocknroll.lt\/privacy-policy\/"},"modified":"2023-02-27T11:14:03","modified_gmt":"2023-02-27T11:14:03","slug":"privacy-policy","status":"publish","type":"page","link":"https:\/\/rocknroll.lt\/en\/privacy-policy\/","title":{"rendered":"PRIVACY POLICY"},"content":{"rendered":"\t\t<div data-elementor-type=\"wp-page\" data-elementor-id=\"2423\" class=\"elementor elementor-2423 elementor-34\" data-elementor-post-type=\"page\">\n\t\t\t\t\t\t<section class=\"elementor-section elementor-top-section elementor-element elementor-element-4da1651 elementor-section-boxed elementor-section-height-default elementor-section-height-default\" data-id=\"4da1651\" data-element_type=\"section\" data-e-type=\"section\" data-settings=\"{&quot;background_background&quot;:&quot;classic&quot;}\">\n\t\t\t\t\t\t\t<div class=\"elementor-background-overlay\"><\/div>\n\t\t\t\t\t\t\t<div class=\"elementor-container elementor-column-gap-default\">\n\t\t\t\t\t<div class=\"elementor-column elementor-col-100 elementor-top-column elementor-element elementor-element-08ff039\" data-id=\"08ff039\" data-element_type=\"column\" data-e-type=\"column\">\n\t\t\t<div class=\"elementor-widget-wrap elementor-element-populated\">\n\t\t\t\t\t\t<section class=\"elementor-section elementor-inner-section elementor-element elementor-element-4a09141 elementor-section-boxed elementor-section-height-default elementor-section-height-default\" data-id=\"4a09141\" data-element_type=\"section\" data-e-type=\"section\" data-settings=\"{&quot;background_background&quot;:&quot;classic&quot;}\">\n\t\t\t\t\t\t<div class=\"elementor-container elementor-column-gap-default\">\n\t\t\t\t\t<div class=\"elementor-column elementor-col-100 elementor-inner-column elementor-element elementor-element-19dbdab\" data-id=\"19dbdab\" data-element_type=\"column\" data-e-type=\"column\" data-settings=\"{&quot;animation&quot;:&quot;none&quot;}\">\n\t\t\t<div class=\"elementor-widget-wrap elementor-element-populated\">\n\t\t\t\t\t\t<div class=\"elementor-element elementor-element-f456f4f elementor-widget elementor-widget-text-editor\" data-id=\"f456f4f\" data-element_type=\"widget\" data-e-type=\"widget\" data-widget_type=\"text-editor.default\">\n\t\t\t\t<div class=\"elementor-widget-container\">\n\t\t\t\t\t\t\t\t\t<p><span style=\"color: #ffffff;\"><b>PROCESSING OF PERSONAL DATA<\/b><\/span><\/p>\n<p><span style=\"color: #ffffff;\"><span style=\"font-weight: 400;\">This Privacy Notice contains information<\/span> <b>about the processing of personal data<\/b> <span style=\"font-weight: 400;\">by &#8220;company&#8221;(hereinafter &#8220;company&#8221;).<\/span><\/span><\/p>\n<p><span style=\"font-weight: 400; color: #ffffff;\">The company acknowledges that the protection of personal data is important for its customers and partners and other data subjects (hereinafter referred to as data subjects) and undertakes to respect and protect the privacy of each data subject.<\/span><\/p>\n<p><span style=\"font-weight: 400; color: #ffffff;\">This Privacy Notice is intended for you, our customers and partners, and your representatives (employees and other authorized persons who are in contact with the company). With it, the company explains and informs about how personal data is processed and what rights you and your representatives have.<\/span><\/p>\n<p><span style=\"font-weight: 400; color: #ffffff;\">When processing personal data, the company complies with all legal acts regulating the protection of personal data, the instructions of the competent authorities, as well as established standards and procedures to ensure that personal data are processed accurately, fairly, lawfully, transparently and safely.<\/span><\/p>\n<p><b style=\"color: rgb(255, 255, 255);\">Personal data controller<\/b><span style=\"color: rgb(255, 255, 255); font-weight: 400;\">&#8211;<\/span><b style=\"color: rgb(255, 255, 255);\">UAB &#8220;Marijus Taralis&#8221;<\/b><font color=\"#ffffff\">, <\/font><span style=\"color: rgb(255, 255, 255); font-weight: 400;\">legal entity code<\/span><font color=\"#ffffff\">&nbsp;<b>303459894<\/b><\/font><b style=\"color: rgb(255, 255, 255);\">,<\/b> <span style=\"color: rgb(255, 255, 255); font-weight: 400;\">registration address:<\/span>&nbsp;<font color=\"#ffffff\"><b>Vytauto str. 60-12, \u0160iauliai<\/b><\/font><b style=\"color: rgb(255, 255, 255);\">, email: <\/b><font color=\"#ffffff\"><b>rockandroll.pub@gmail.com<\/b><\/font><b style=\"color: rgb(255, 255, 255);\">, tel. No.&nbsp;<\/b><font color=\"#ffffff\"><b>861225330<\/b><\/font><b style=\"color: rgb(255, 255, 255);\">. <\/b><span style=\"color: rgb(255, 255, 255); font-weight: 400;\">The company has appointed a person responsible for the protection of personal data, with whom you can contact by the indicated contacts.<\/span><\/p>\n<p><span style=\"font-weight: 400; color: #ffffff;\">You provide personal data to the company voluntarily. The company must process them in order to conclude contracts with you, properly fulfill the obligations assumed in relation to you and other legal obligations. If you do not provide personal data, the company will not be able to conclude transactions with you and provide other services you need.<\/span><\/p>\n<p><span style=\"color: #ffffff;\"><b>Purposes and legal grounds<\/b> <b>for the processing of personal data<\/b><span style=\"font-weight: 400;\"> &#8211; conclusion and execution of contracts with customers, including recovery of arrears from defaulting buyers (legal basis: processing of data is necessary for the performance of the contract; the processing of data is also necessary for the legitimate interests of the company and you, when the company processes the personal data of your specified representatives authorized to maintain relations with the company), mandatory accounting of the execution of economic operations (legal basis: fulfillment of the legal obligation applicable to the Company), analytics of economic operations (statistics) (legal basis: the company&#8217;s legitimate interests to analyze its business operations and keep their statistics).<\/span><\/span><\/p>\n<p><span style=\"color: #ffffff;\"><span style=\"font-weight: 400;\">Recipients of personal data<\/span> <b>processed by the company<\/b><span style=\"font-weight: 400;\"> &#8211; Employees of the company, as well as partners of the company, to whom, in order to fulfill obligations to you, we transfer personal data necessary for the fulfillment of your orders in individual cases. Teis\u0117s akt\u0173 nustatytais atvejais, vykdydama savo prievoles, \u012emon\u0117 teikia J\u016bs\u0173 duomenis ir atitinkamoms valstyb\u0117s institucijoms.<\/span><\/span><\/p>\n<h2><span style=\"color: #ffffff;\"><b>How and why we collect and use your personal data<\/b><\/span><\/h2>\n<p><span style=\"color: #ffffff;\"><b>UAB &#8220;<\/b><\/span><span style=\"background-color: rgba(255, 255, 255, 0);\"><font color=\"#ffffff\"><b>Marijus Taralis<\/b><\/font><\/span><b style=\"color: rgb(255, 255, 255); font-size: 15px; letter-spacing: 0px; background-color: rgba(255, 255, 255, 0);\">&#8221; <\/b><span style=\"color: rgb(255, 255, 255); font-size: 15px; font-weight: 400; letter-spacing: 0px; background-color: rgba(255, 255, 255, 0);\">your personal data is required, which may be collected in the ways described below. In the Privacy Policy, we specify what you can expect when the company collects personal data about:<\/span><\/p>\n<ul>\n<li style=\"list-style-type: none;\">\n<ul>\n<li style=\"\" aria-level=\"1\"><font color=\"#ffffff\">website <\/font><b style=\"color: rgb(255, 255, 255); font-weight: 400;\">(www.<\/b><font color=\"#ffffff\"><b>rocknrollpub.lt<\/b><\/font><b style=\"color: rgb(255, 255, 255); font-weight: 400;\">)<\/b> <span style=\"color: rgb(255, 255, 255); font-weight: 400;\">visitors;<\/span><\/li>\n<li style=\"font-weight: 400;\" aria-level=\"1\"><span style=\"font-weight: 400; color: #ffffff;\">people who contact us;<\/span><\/li>\n<li style=\"font-weight: 400;\" aria-level=\"1\"><span style=\"font-weight: 400; color: #ffffff;\">persons who purchased our products;<\/span><\/li>\n<\/ul>\n<\/li>\n<\/ul>\n<ul>\n<li aria-level=\"1\"><span style=\"font-weight: 400; color: #ffffff;\">candidates for the job.<\/span><\/li>\n<\/ul>\n<p><span style=\"color: #ffffff;\"><b>Contact us<\/b><\/span><\/p>\n<p><span style=\"font-weight: 400; color: #ffffff;\">Our website contains several ways in which you can contact us. We accept all messages, review and provide answers ourselves. To contact us on the website you will provide us with your name, surname, phone number, email address.mail. If you contact us by email. by e-mail, we will process your data: your name, surname, e-mail. email address and correspondence text. Such data will be processed in order to prepare for the performance of the contract. If you do not provide your contact details, it will not be possible to contact you. Please note that the site may also use email. email tracking or blocking software, and you must ensure that the emails you send do not contain illegal content. If the order is executed, the electronic version of the order is stored in accordance with the established procedure, and if the order is not executed, the request form and correspondence are deleted from the company&#8217;s e-mail, except for information for which other deadlines are set for storage in the Privacy Policy or legal acts.<\/span><\/p>\n<p><span style=\"font-weight: 400; color: #ffffff;\">All personal data that you provide when communicating with us is used only for the above purposes and for viewing messages and administering and managing communication flows. We undertake not to use your personal data in any publications without your express consent in such a way that it is possible to establish your personal identity. Please note that we may need to contact you by mail, email or email. by email or phone. Do not forget to notify us of changes to your personal data.<\/span><\/p>\n<p><span style=\"font-weight: 400; color: #ffffff;\">As a rule, we do not disclose your personal data, but in order to ensure uninterrupted continuity of business and the proper provision of services and delivery of goods, we disclose information about you to our employees: administration, managers, production master, if reasonably necessary for the purposes specified in this Privacy Policy. In certain circumstances, we may be obliged to transfer personal data when:<\/span><\/p>\n<ol>\n<li><span style=\"font-weight: 400; color: #ffffff;\"> we need to disclose information in accordance with the law, including when we need to disclose personal data to the tax authorities and law enforcement agencies for the purpose of crime prevention and detection;<\/span><\/li>\n<li><span style=\"font-weight: 400; color: #ffffff;\"> we need to disclose personal data in connection with legal procedures or for the purpose of obtaining legal advice, or it is necessary to establish, exercise or defend our rights;<\/span><\/li>\n<li><span style=\"font-weight: 400; color: #ffffff;\"> disclosure is necessary to protect our interests or those of others (for example, to prevent fraud);<\/span><\/li>\n<li><span style=\"font-weight: 400; color: #ffffff;\"> information must be disclosed to protect your vital interests (for example, if you feel unwell on our premises and have to seek medical help);<\/span><\/li>\n<\/ol>\n<p><span style=\"font-weight: 400; color: #ffffff;\">The company stores the processed personal data for no longer than required by the purposes of data processing or provided for by legal acts or the limitation period for any claims expires.<\/span><\/p>\n<p><span style=\"font-weight: 400; color: #ffffff;\">You have the right to request that the Company allow access to the personal data processed by you, request correction or erasure, or restrict the processing of the data, or the right to object to the processing of the data, as well as the right to data portability.<\/span><\/p>\n<p><span style=\"font-weight: 400; color: #ffffff;\">When the company processes your personal data on the basis of legitimate interests, you have the right, for reasons related to your particular case, to object at any time to the processing of personal data concerning you by the company.<\/span><\/p>\n<p><span style=\"font-weight: 400; color: #ffffff;\">Teis\u0117 reikalauti i\u0161trinti duomenis, teis\u0117 apriboti duomen\u0173 tvarkym\u0105, teis\u0117 \u012f data portability and the right to object to data processing are not absolute and the legislation may provide for additional conditions for their implementation.<\/span><\/p>\n<p><span style=\"font-weight: 400; color: #ffffff;\">You have the right to ask us to delete your personal data. Please note that we will only be able to fulfill such a request if:<\/span><\/p>\n<ul>\n<li style=\"font-weight: 400;\" aria-level=\"1\"><span style=\"font-weight: 400; color: #ffffff;\">Your personal data is no longer necessary for the purposes for which it was collected (for example, we need your personal data to respond to your emails);<\/span><\/li>\n<li style=\"font-weight: 400;\" aria-level=\"1\"><span style=\"font-weight: 400; color: #ffffff;\">the collection, storage or use of personal data by US is prohibited by law;<\/span><\/li>\n<li style=\"font-weight: 400;\" aria-level=\"1\"><span style=\"font-weight: 400; color: #ffffff;\">Your personal data is not needed to establish, enforce or defend a legal claim, for example in legal proceedings.<\/span><\/li>\n<\/ul>\n<p><span style=\"font-weight: 400; color: #ffffff;\">You have the right to request us to restrict or not process your personal data:<\/span><\/p>\n<ul>\n<li style=\"font-weight: 400;\" aria-level=\"1\"><span style=\"font-weight: 400; color: #ffffff;\">the period necessary to ensure the accuracy of your personal data when you make claims about the accuracy of the data;<\/span><\/li>\n<li style=\"font-weight: 400;\" aria-level=\"1\"><span style=\"font-weight: 400; color: #ffffff;\">when the collection, storage or use of your personal data by US is illegal, but you choose not to request the deletion of the data;<\/span><\/li>\n<li style=\"font-weight: 400;\" aria-level=\"1\"><span style=\"font-weight: 400; color: #ffffff;\">when your personal data is no longer needed by us, but you need it in order to establish, fulfil or defend a legal claim;<\/span><\/li>\n<li style=\"font-weight: 400;\" aria-level=\"1\"><span style=\"font-weight: 400; color: #ffffff;\">for the period necessary to determine whether we have a more important legal basis to continue processing your personal data if you have exercised your right to object to the processing of personal data.<\/span><\/li>\n<\/ul>\n<p><span style=\"font-weight: 400; color: #ffffff;\">You have the right to transfer data that we have received from you with your consent or for the purpose of concluding a contract. If you exercise this right, we will transfer a copy of the data provided by you at your request.<\/span><\/p>\n<p><span style=\"font-weight: 400; color: #ffffff;\">You have the right to object to our use of your personal data:<\/span><\/p>\n<ul>\n<li style=\"font-weight: 400;\" aria-level=\"1\"><span style=\"font-weight: 400; color: #ffffff;\">when we use such data to ensure our legitimate interests, but we do not have a more important legal basis to continue using your personal data;<\/span><\/li>\n<\/ul>\n<h2><span style=\"color: #ffffff;\"><b>Complaints<\/b><\/span><\/h2>\n<p><span style=\"font-weight: 400; color: #ffffff;\">You are important to us and it is important for us to ensure the protection of your personal data. We apply strict standards to the collection and use of personal data. Therefore, we take any complaints related to the use of your personal data very seriously and ask you to inform us of any problems related to this. When you contact us to make a complaint, we only use your personal data to examine the complaint and to provide a response and to assess the quality of the services we provide. When we receive a complaint about a member of our team, we may need to disclose your identity to this person. You may indicate that you do not wish your personal information to be disclosed and we will endeavour to comply with your request. However, investigating a complaint anonymously may not always be possible. If you are dissatisfied with our response, you can also file a complaint directly with the state data protection Inspectorate. You also have the right to lodge a complaint with the Supervisory Authority in the member state where you are domiciled, where you work or where the alleged infringement took place. <\/span><\/p>\n<p><span style=\"font-weight: 400; color: #ffffff;\">If you are concerned about the actions\/omissions of the company, as a result of which you believe that the requirements of this privacy notice or legal acts may be not complied with, you can contact the company at any time, in any way convenient for you.<\/span><\/p>\n<p><span style=\"color: #ffffff;\"><span style=\"font-weight: 400;\">In case of failure to resolve the issue with the company,<\/span> <b>you have the right to contact the state data protection Inspectorate,<\/b> <span style=\"font-weight: 400;\">which is responsible for the supervision and control of the legislation regulating the protection of personal data.<\/span><\/span><\/p>\n<p><span style=\"font-weight: 400; color: #ffffff;\">If necessary, the company has the right to update the above information.<\/span><\/p>\n<h2><span style=\"color: #ffffff;\"><b>COOKIE POLICY<\/b><\/span><\/h2>\n<p><span style=\"color: #ffffff;\"><b>What are Cookies?<\/b><\/span><\/p>\n<p><span style=\"font-weight: 400; color: #ffffff;\">A cookie is a small text file that a website saves on your computer or mobile device when you visit it.<\/span><\/p>\n<p><span style=\"font-weight: 400; color: #ffffff;\">The purpose of cookies is to enable the website to memorize user options (for example, userName, language, etc.) for a certain period of time.).<\/span><\/p>\n<p><span style=\"color: #ffffff;\"><b>How do we use cookies?<\/b><\/span><\/p>\n<p><span style=\"font-weight: 400; color: #ffffff;\">The website mainly uses First-party cookies. These cookies are set and controlled by the website, not by an external organization.<\/span><\/p>\n<p><span style=\"color: #ffffff;\"><i><span style=\"font-weight: 400;\">1 species-necessary<\/span><\/i><\/span><\/p>\n<p><span style=\"font-weight: 400; color: #ffffff;\">These cookies are required for simple browser functions. Without them, services such as Cart or electronic payments would be impossible.<\/span><\/p>\n<p><span style=\"color: #ffffff;\"><i><span style=\"font-weight: 400;\">Type 2-page analysis<\/span><\/i><\/span><\/p>\n<p><span style=\"font-weight: 400; color: #ffffff;\">These types of cookies are designed to collect information about the use of the site. For example, which pages are most visited. We may use this data to improve the website or collect statistics. These cookies do not collect information that identifies you.<\/span><\/p>\n<p><span style=\"color: #ffffff;\"><i><span style=\"font-weight: 400;\">3 species-for functionality<\/span><\/i><\/span><\/p>\n<p><span style=\"font-weight: 400; color: #ffffff;\">These types of cookies persist even after the browser is closed \u2013 they are used for functionality such as remembering automatic registration and better adapting services for a specific user. For example, we may store your order data so that it does not have to be reassembled the next time it arrives.<\/span><\/p>\n<p><span style=\"color: #ffffff;\"><b>Specific cookies we use<\/b><\/span><\/p>\n<p><span style=\"font-weight: 400; color: #ffffff;\">The table below shows the specific cookies we use.<\/span><\/p>\n<table>\n<tbody>\n<tr>\n<td>\n<p><span style=\"color: #ffffff;\"><b>Name<\/b><\/span><\/p>\n<\/td>\n<td>\n<p><span style=\"color: #ffffff;\"><b>Type<\/b><\/span><\/p>\n<\/td>\n<td>\n<p><span style=\"color: #ffffff;\"><b>Description<\/b><\/span><\/p>\n<\/td>\n<td>\n<p><span style=\"color: #ffffff;\"><b>Duration<\/b><\/span><\/p>\n<\/td>\n<\/tr>\n<tr>\n<td>\n<p><span style=\"font-weight: 400; color: #ffffff;\">_ga<\/span><\/p>\n<\/td>\n<td>\n<p><span style=\"font-weight: 400; color: #ffffff;\">Analytics<\/span><\/p>\n<\/td>\n<td>\n<p><span style=\"font-weight: 400; color: #ffffff;\">This cookie name is linked to Google Universal Analytics, a significant update to the more commonly used Google Analytics Service. This cookie is used to distinguish unique users by assigning a randomly generated number as a customer identifier. It is included in every page request on the site and is used to calculate visitor, session and campaign data for site analysis reports.<\/span><\/p>\n<\/td>\n<td>\n<p><span style=\"font-weight: 400; color: #ffffff;\">2 years<\/span><\/p>\n<\/td>\n<\/tr>\n<tr>\n<td>\n<p><span style=\"font-weight: 400; color: #ffffff;\">_ga_*<\/span><\/p>\n<\/td>\n<td>\n<p><span style=\"font-weight: 400; color: #ffffff;\">Analytics<\/span><\/p>\n<\/td>\n<td>\n<p><span style=\"font-weight: 400; color: #ffffff;\">This cookie is used by Google Analytics to maintain a session.&#8221; <\/span><\/p>\n<\/td>\n<td>\n<p><span style=\"font-weight: 400; color: #ffffff;\">2 years<\/span><\/p>\n<\/td>\n<\/tr>\n<tr>\n<td>\n<p><span style=\"font-weight: 400; color: #ffffff;\">DP-dpml_current_language<\/span><\/p>\n<\/td>\n<td>\n<p><span style=\"font-weight: 400; color: #ffffff;\">WordPress<\/span><\/p>\n<\/td>\n<td>\n<p><span style=\"font-weight: 400; color: #ffffff;\">Saves the current language. By default, this cookie is set only for logged-in users. <\/span><\/p>\n<\/td>\n<td>\n<p><span style=\"font-weight: 400; color: #ffffff;\">Session<\/span><\/p>\n<\/td>\n<\/tr>\n<tr>\n<td>\n<p><span style=\"font-weight: 400; color: #ffffff;\">wp_woocommerce_session-*<\/span><\/p>\n<\/td>\n<td>\n<p><span style=\"font-weight: 400; color: #ffffff;\">WordPress<\/span><\/p>\n<\/td>\n<td>\n<p><span style=\"font-weight: 400; color: #ffffff;\">The customer&#8217;s Woocommerce session during shopping is saved. <\/span><\/p>\n<\/td>\n<td>\n<p><span style=\"font-weight: 400; color: #ffffff;\">Session<\/span><\/p>\n<\/td>\n<\/tr>\n<\/tbody>\n<\/table>\n<p><span style=\"color: #ffffff;\"><b>How to manage cookies?<\/b><\/span><\/p>\n<p><span style=\"font-weight: 400; color: #ffffff;\">Many browsers are set to automatically accept cookies. Slapukus galite nar\u0161ykl\u0117je i\u0161jungti, bet \u017einokite, kad jeigu taip padarysite, galite netekti galimyb\u0117s naudotis daugybe funkcij\u0173, kurios b\u016btinos, kad interneto svetain\u0117 veikt\u0173 kaip dera. If you need more information about cookies, please visit the independent country&#8217;s information website www.aboutcookies.org, in which you will find how to disable cookies through browser preferences and how to remove cookies that are already on your computer. In order to remove cookies from your mobile phone, you will need to read the phone&#8217;s instruction manual.<\/span><\/p>\n<p><span style=\"color: #ffffff;\"><b>Validity and amendments<\/b><\/span><\/p>\n<p><span style=\"font-weight: 400; color: #ffffff;\">This cookie policy is valid from 2023.01.01. In case of changes to the cookie policy, we will publish an updated version of it. Changes and additions to the cookie policy take effect from the moment of their publication.<\/span><\/p>\t\t\t\t\t\t\t\t<\/div>\n\t\t\t\t<\/div>\n\t\t\t\t\t<\/div>\n\t\t<\/div>\n\t\t\t\t\t<\/div>\n\t\t<\/section>\n\t\t\t\t\t<\/div>\n\t\t<\/div>\n\t\t\t\t\t<\/div>\n\t\t<\/section>\n\t\t\t\t<\/div>\n\t\t","protected":false},"excerpt":{"rendered":"<p>PROCESSING OF PERSONAL DATA This Privacy Notice contains information about the processing of personal data by &#8220;company&#8221;(hereinafter &#8220;company&#8221;). The company acknowledges that the protection of personal data is important for its customers and partners and other data subjects (hereinafter referred to as data subjects) and undertakes to respect and protect the privacy of each data [&hellip;]<\/p>\n","protected":false},"author":1,"featured_media":0,"parent":0,"menu_order":0,"comment_status":"closed","ping_status":"closed","template":"elementor_header_footer","meta":{"footnotes":""},"class_list":["post-2423","page","type-page","status-publish","hentry","entry","owp-thumbs-layout-horizontal","owp-btn-normal","owp-tabs-layout-horizontal","has-no-thumbnails","has-product-nav"],"_links":{"self":[{"href":"https:\/\/rocknroll.lt\/en\/wp-json\/wp\/v2\/pages\/2423","targetHints":{"allow":["GET"]}}],"collection":[{"href":"https:\/\/rocknroll.lt\/en\/wp-json\/wp\/v2\/pages"}],"about":[{"href":"https:\/\/rocknroll.lt\/en\/wp-json\/wp\/v2\/types\/page"}],"author":[{"embeddable":true,"href":"https:\/\/rocknroll.lt\/en\/wp-json\/wp\/v2\/users\/1"}],"replies":[{"embeddable":true,"href":"https:\/\/rocknroll.lt\/en\/wp-json\/wp\/v2\/comments?post=2423"}],"version-history":[{"count":0,"href":"https:\/\/rocknroll.lt\/en\/wp-json\/wp\/v2\/pages\/2423\/revisions"}],"wp:attachment":[{"href":"https:\/\/rocknroll.lt\/en\/wp-json\/wp\/v2\/media?parent=2423"}],"curies":[{"name":"wp","href":"https:\/\/api.w.org\/{rel}","templated":true}]}}